{"id":107,"date":"2015-12-01T01:38:04","date_gmt":"2015-12-01T01:38:04","guid":{"rendered":"http:\/\/customerexperience.astrabusinesssolutions.com\/?page_id=107"},"modified":"2021-02-07T19:46:03","modified_gmt":"2021-02-07T19:46:03","slug":"envianos-tu-solicitud-de-empleo","status":"publish","type":"page","link":"https:\/\/fivestar.cx\/es\/envianos-tu-solicitud-de-empleo\/","title":{"rendered":"Env\u00edanos tu solicitud"},"content":{"rendered":"<p><img loading=\"lazy\" decoding=\"async\" class=\"size-full wp-image-623 aligncenter\" src=\"https:\/\/fivestar.cx\/es\/wp-content\/uploads\/2020\/11\/WorkWithUsII-ESP-min.jpg\" alt=\"\" width=\"1222\" height=\"735\" srcset=\"https:\/\/fivestar.cx\/es\/wp-content\/uploads\/2020\/11\/WorkWithUsII-ESP-min.jpg 1222w, https:\/\/fivestar.cx\/es\/wp-content\/uploads\/2020\/11\/WorkWithUsII-ESP-min-300x180.jpg 300w, https:\/\/fivestar.cx\/es\/wp-content\/uploads\/2020\/11\/WorkWithUsII-ESP-min-1024x616.jpg 1024w, https:\/\/fivestar.cx\/es\/wp-content\/uploads\/2020\/11\/WorkWithUsII-ESP-min-768x462.jpg 768w\" sizes=\"auto, (max-width: 1222px) 100vw, 1222px\" \/><\/p>\n<p style=\"text-align: justify;\">Five Star Customer Experience facilita herramientas efectivas para mejorar la experiencia de los consumidores al interactuar con las empresas.<\/p>\n<p style=\"text-align: justify;\">Si le apasiona la experiencia del consumidor, la educaci\u00f3n empresarial y es una persona dedicada, queremos saber de ti.<\/p>\n<p style=\"text-align: justify;\">Completa el siguiente formulario y nos comunicaremos contigo tan pronto como tengamos una oportunidad abierta de acuerdo con tu perfil.<\/p>\n<p>&nbsp;<\/p>\n<p style=\"text-align: justify;\">\n<div class=\"wpcf7 no-js\" id=\"wpcf7-f408-o1\" lang=\"es-ES\" dir=\"ltr\" data-wpcf7-id=\"408\">\n<div class=\"screen-reader-response\"><p role=\"status\" aria-live=\"polite\" aria-atomic=\"true\"><\/p> <ul><\/ul><\/div>\n<form action=\"\/es\/wp-json\/wp\/v2\/pages\/107#wpcf7-f408-o1\" method=\"post\" class=\"wpcf7-form init\" aria-label=\"Formulario de contacto\" enctype=\"multipart\/form-data\" novalidate=\"novalidate\" data-status=\"init\">\n<div style=\"display: none;\">\n<input type=\"hidden\" name=\"_wpcf7\" value=\"408\" \/>\n<input type=\"hidden\" name=\"_wpcf7_version\" value=\"6.0.4\" \/>\n<input type=\"hidden\" name=\"_wpcf7_locale\" value=\"es_ES\" \/>\n<input type=\"hidden\" name=\"_wpcf7_unit_tag\" value=\"wpcf7-f408-o1\" \/>\n<input type=\"hidden\" name=\"_wpcf7_container_post\" value=\"0\" \/>\n<input type=\"hidden\" name=\"_wpcf7_posted_data_hash\" value=\"\" \/>\n<\/div>\n<p>Primer nombre *\n<\/p>\n<p><span class=\"wpcf7-form-control-wrap\" data-name=\"your-name\"><input size=\"40\" maxlength=\"400\" class=\"wpcf7-form-control wpcf7-text wpcf7-validates-as-required\" aria-required=\"true\" aria-invalid=\"false\" value=\"\" type=\"text\" name=\"your-name\" \/><\/span>\n<\/p>\n<p>Segundo nombre\n<\/p>\n<p><span class=\"wpcf7-form-control-wrap\" data-name=\"your-name2\"><input size=\"40\" maxlength=\"400\" class=\"wpcf7-form-control wpcf7-text\" aria-invalid=\"false\" value=\"\" type=\"text\" name=\"your-name2\" \/><\/span>\n<\/p>\n<p>Apellido paterno *\n<\/p>\n<p><span class=\"wpcf7-form-control-wrap\" data-name=\"your-paterno\"><input size=\"40\" maxlength=\"400\" class=\"wpcf7-form-control wpcf7-text wpcf7-validates-as-required\" aria-required=\"true\" aria-invalid=\"false\" value=\"\" type=\"text\" name=\"your-paterno\" \/><\/span>\n<\/p>\n<p>Apellido materno *\n<\/p>\n<p><span class=\"wpcf7-form-control-wrap\" data-name=\"your-materno\"><input size=\"40\" maxlength=\"400\" class=\"wpcf7-form-control wpcf7-text wpcf7-validates-as-required\" aria-required=\"true\" aria-invalid=\"false\" value=\"\" type=\"text\" name=\"your-materno\" \/><\/span>\n<\/p>\n<p>Tel\u00e9fono m\u00f3vil *\n<\/p>\n<p><span class=\"wpcf7-form-control-wrap\" data-name=\"PhoneM\"><input size=\"40\" maxlength=\"400\" class=\"wpcf7-form-control wpcf7-text wpcf7-validates-as-required\" aria-required=\"true\" aria-invalid=\"false\" value=\"\" type=\"text\" name=\"PhoneM\" \/><\/span>\n<\/p>\n<p>Email *\n<\/p>\n<p><span class=\"wpcf7-form-control-wrap\" data-name=\"your-email\"><input size=\"40\" maxlength=\"400\" class=\"wpcf7-form-control wpcf7-email wpcf7-validates-as-required wpcf7-text wpcf7-validates-as-email\" aria-required=\"true\" aria-invalid=\"false\" value=\"\" type=\"email\" name=\"your-email\" \/><\/span>\n<\/p>\n<p>Nivel de estudios *\n<\/p>\n<p><span class=\"wpcf7-form-control-wrap\" data-name=\"menu-205\"><select class=\"wpcf7-form-control wpcf7-select wpcf7-validates-as-required estudios\" id=\"estudios\" aria-required=\"true\" aria-invalid=\"false\" name=\"menu-205\"><option value=\"\">&#8212;Por favor, elige una opci\u00f3n&#8212;<\/option><option value=\"Sin estudios\">Sin estudios<\/option><option value=\"Primaria\">Primaria<\/option><option value=\"Secundaria\">Secundaria<\/option><option value=\"Bachillerato\">Bachillerato<\/option><option value=\"Licenciatura\">Licenciatura<\/option><option value=\"Maestr\u00eda\">Maestr\u00eda<\/option><option value=\"Doctorado\">Doctorado<\/option><\/select><\/span>\n<\/p>\n<p>\u00c1rea de inter\u00e9s *\n<\/p>\n<p><span class=\"wpcf7-form-control-wrap\" data-name=\"menu-206\"><select class=\"wpcf7-form-control wpcf7-select wpcf7-validates-as-required interes\" id=\"interes\" aria-required=\"true\" aria-invalid=\"false\" name=\"menu-206\"><option value=\"\">&#8212;Por favor, elige una opci\u00f3n&#8212;<\/option><option value=\"Administraci\u00f3n\">Administraci\u00f3n<\/option><option value=\"Ventas\">Ventas<\/option><option value=\"IT\">IT<\/option><option value=\"Recursos humanos\">Recursos humanos<\/option><option value=\"Otro\">Otro<\/option><\/select><\/span>\n<\/p>\n<p>Pa\u00eds de residencia*\n<\/p>\n<p><span class=\"wpcf7-form-control-wrap\" data-name=\"menu-353\"><select class=\"wpcf7-form-control wpcf7-select wpcf7-validates-as-required Pais\" id=\"Pais\" aria-required=\"true\" aria-invalid=\"false\" name=\"menu-353\"><option value=\"\">&#8212;Por favor, elige una opci\u00f3n&#8212;<\/option><option value=\"Espa\u00f1a\">Espa\u00f1a<\/option><option value=\"M\u00e9xico\">M\u00e9xico<\/option><option value=\"Reino Unido\">Reino Unido<\/option><option value=\"USA\">USA<\/option><option value=\"Canad\u00e1\">Canad\u00e1<\/option><option value=\"Australia\">Australia<\/option><option value=\"Otro\">Otro<\/option><\/select><\/span>\n<\/p>\n<p>Ciudad de residencia *\n<\/p>\n<p><span class=\"wpcf7-form-control-wrap\" data-name=\"your-city\"><input size=\"40\" maxlength=\"400\" class=\"wpcf7-form-control wpcf7-text wpcf7-validates-as-required\" aria-required=\"true\" aria-invalid=\"false\" value=\"\" type=\"text\" name=\"your-city\" \/><\/span>\n<\/p>\n<p>Sube tu curr\u00edculum (Solo archivos en formato PDF, m\u00e1ximo 1024 KB) *\n<\/p>\n<p><span class=\"wpcf7-form-control-wrap\" data-name=\"file-430\"><input size=\"40\" class=\"wpcf7-form-control wpcf7-file wpcf7-validates-as-required curriculo\" id=\"curriculo\" accept=\".pdf\" aria-required=\"true\" aria-invalid=\"false\" type=\"file\" name=\"file-430\" \/><\/span>\n<\/p>\n<p>En un p\u00e1rrafo breve cu\u00e9ntanos acerca de ti y por qu\u00e9 te interesa colaborar con nosotros *\n<\/p>\n<p><span class=\"wpcf7-form-control-wrap\" data-name=\"textarea-508\"><textarea cols=\"40\" rows=\"10\" maxlength=\"2000\" class=\"wpcf7-form-control wpcf7-textarea wpcf7-validates-as-required motivos\" id=\"motivos\" aria-required=\"true\" aria-invalid=\"false\" name=\"textarea-508\"><\/textarea><\/span>\n<\/p>\n<p><span class=\"wpcf7-form-control-wrap\" data-name=\"acceptance-526\"><span class=\"wpcf7-form-control wpcf7-acceptance\"><span class=\"wpcf7-list-item\"><label><input type=\"checkbox\" name=\"acceptance-526\" value=\"1\" class=\"Privacidad\" id=\"Privacidad\" aria-invalid=\"false\" \/><span class=\"wpcf7-list-item-label\">Acepto los T\u00e9rminos de Uso y Pol\u00edtica de Privacidad *<\/span><\/label><\/span><\/span><\/span>\n<\/p>\n<p><div id=\"cf7sr-69d5874a7ff56\" class=\"cf7sr-g-recaptcha\" data-theme=\"light\" data-type=\"image\" data-size=\"normal\" data-sitekey=\"6LeXcKoUAAAAAORdo1CCPxquXopH_3o19KZe1kFH\"><\/div><span class=\"wpcf7-form-control-wrap cf7sr-recaptcha\" data-name=\"cf7sr-recaptcha\"><input type=\"hidden\" name=\"cf7sr-recaptcha\" value=\"\" class=\"wpcf7-form-control\"><\/span>\n<\/p>\n<p><input class=\"wpcf7-form-control wpcf7-submit has-spinner\" type=\"submit\" value=\"Enviar\" \/>\n<\/p><div class=\"wpcf7-response-output\" aria-hidden=\"true\"><\/div>\n<\/form>\n<\/div>\n<\/p>\n","protected":false},"excerpt":{"rendered":"<p>Five Star Customer Experience facilita herramientas efectivas para mejorar la experiencia de los consumidores al interactuar con las empresas. Si le apasiona la experiencia del consumidor, la educaci\u00f3n empresarial y es una persona dedicada, queremos saber de ti. Completa el<\/p>\n","protected":false},"author":1,"featured_media":0,"parent":0,"menu_order":0,"comment_status":"closed","ping_status":"closed","template":"page-templates\/contact.php","meta":{"footnotes":""},"class_list":["post-107","page","type-page","status-publish","hentry"],"_links":{"self":[{"href":"https:\/\/fivestar.cx\/es\/wp-json\/wp\/v2\/pages\/107","targetHints":{"allow":["GET"]}}],"collection":[{"href":"https:\/\/fivestar.cx\/es\/wp-json\/wp\/v2\/pages"}],"about":[{"href":"https:\/\/fivestar.cx\/es\/wp-json\/wp\/v2\/types\/page"}],"author":[{"embeddable":true,"href":"https:\/\/fivestar.cx\/es\/wp-json\/wp\/v2\/users\/1"}],"replies":[{"embeddable":true,"href":"https:\/\/fivestar.cx\/es\/wp-json\/wp\/v2\/comments?post=107"}],"version-history":[{"count":15,"href":"https:\/\/fivestar.cx\/es\/wp-json\/wp\/v2\/pages\/107\/revisions"}],"predecessor-version":[{"id":901,"href":"https:\/\/fivestar.cx\/es\/wp-json\/wp\/v2\/pages\/107\/revisions\/901"}],"wp:attachment":[{"href":"https:\/\/fivestar.cx\/es\/wp-json\/wp\/v2\/media?parent=107"}],"curies":[{"name":"wp","href":"https:\/\/api.w.org\/{rel}","templated":true}]}}