{"id":260,"date":"2017-08-09T17:35:16","date_gmt":"2017-08-09T17:35:16","guid":{"rendered":"http:\/\/fivestar.cx\/?page_id=260"},"modified":"2021-02-03T01:43:04","modified_gmt":"2021-02-03T01:43:04","slug":"evite-estafas","status":"publish","type":"page","link":"https:\/\/fivestar.cx\/es\/evite-estafas\/","title":{"rendered":"Mystery Shoppers eviten estafas"},"content":{"rendered":"<p><img loading=\"lazy\" decoding=\"async\" class=\"size-full wp-image-625 aligncenter\" src=\"https:\/\/fivestar.cx\/es\/wp-content\/uploads\/2020\/11\/ScamWarning-ESP-min.jpg\" alt=\"\" width=\"1231\" height=\"733\" srcset=\"https:\/\/fivestar.cx\/es\/wp-content\/uploads\/2020\/11\/ScamWarning-ESP-min.jpg 1231w, https:\/\/fivestar.cx\/es\/wp-content\/uploads\/2020\/11\/ScamWarning-ESP-min-300x179.jpg 300w, https:\/\/fivestar.cx\/es\/wp-content\/uploads\/2020\/11\/ScamWarning-ESP-min-1024x610.jpg 1024w, https:\/\/fivestar.cx\/es\/wp-content\/uploads\/2020\/11\/ScamWarning-ESP-min-768x457.jpg 768w\" sizes=\"auto, (max-width: 1231px) 100vw, 1231px\" \/><\/p>\n<p style=\"text-align: justify;\">Existen delincuentes que se hacen pasar por empresas profesionales en el ramo, env\u00edan correos mediante el servicio postal o electr\u00f3nico los cuales pueden incluir nuestro logotipo y solicitan un pago previo para asignar una plaza fija o evaluaciones eventuales.<\/p>\n<p style=\"text-align: justify;\">Algunos estafadores incluso crean p\u00e1ginas de Internet robando identidades de empresas leg\u00edtimas para hacerse pasar por las mismas o por sus clientes.<\/p>\n<p style=\"text-align: justify;\">En Five Star Customer Experience no enviamos correos solicitando pagos para participar en los procesos de reclutamiento, ni enviamos cheques o correos postales con nuestro logotipo por ning\u00fan concepto, tampoco realizamos dep\u00f3sitos bancarios solicitando devolver los fondos a otra persona.<\/p>\n<p style=\"text-align: justify;\">En Five Star Customer Experience por ning\u00fan motivo te pediremos datos de tu tarjeta de cr\u00e9dito, contrase\u00f1as de servicios bancarios o datos de acceso a tu email u otros datos confidenciales.<\/p>\n<p style=\"text-align: justify;\">Es posible que dentro de una evaluaci\u00f3n de Mystery Shopper sea requerido realizar una compra o consumo en el establecimiento evaluado, esto es una pr\u00e1ctica normal, pero usualmente se trata de compras simb\u00f3licas o de consumos en donde el evaluador paga por sus alimentos y bebidas en un negocio claramente identificado.<\/p>\n<p style=\"text-align: justify;\">Si has recibido informaci\u00f3n que te invita a realizar una evaluaci\u00f3n, donde la din\u00e1mica incluye realizar operaciones bancarias, cobrar cheques, firmar documentos, o realizar pagos a personas o negocios que no son identificables, evita participar.<\/p>\n<p>&nbsp;<\/p>\n","protected":false},"excerpt":{"rendered":"<p>Existen delincuentes que se hacen pasar por empresas profesionales en el ramo, env\u00edan correos mediante el servicio postal o electr\u00f3nico los cuales pueden incluir nuestro logotipo y solicitan un pago previo para asignar una plaza fija o evaluaciones eventuales. Algunos<\/p>\n","protected":false},"author":1,"featured_media":0,"parent":0,"menu_order":0,"comment_status":"closed","ping_status":"closed","template":"page-templates\/contact.php","meta":{"footnotes":""},"class_list":["post-260","page","type-page","status-publish","hentry"],"_links":{"self":[{"href":"https:\/\/fivestar.cx\/es\/wp-json\/wp\/v2\/pages\/260","targetHints":{"allow":["GET"]}}],"collection":[{"href":"https:\/\/fivestar.cx\/es\/wp-json\/wp\/v2\/pages"}],"about":[{"href":"https:\/\/fivestar.cx\/es\/wp-json\/wp\/v2\/types\/page"}],"author":[{"embeddable":true,"href":"https:\/\/fivestar.cx\/es\/wp-json\/wp\/v2\/users\/1"}],"replies":[{"embeddable":true,"href":"https:\/\/fivestar.cx\/es\/wp-json\/wp\/v2\/comments?post=260"}],"version-history":[{"count":19,"href":"https:\/\/fivestar.cx\/es\/wp-json\/wp\/v2\/pages\/260\/revisions"}],"predecessor-version":[{"id":819,"href":"https:\/\/fivestar.cx\/es\/wp-json\/wp\/v2\/pages\/260\/revisions\/819"}],"wp:attachment":[{"href":"https:\/\/fivestar.cx\/es\/wp-json\/wp\/v2\/media?parent=260"}],"curies":[{"name":"wp","href":"https:\/\/api.w.org\/{rel}","templated":true}]}}