{"id":280,"date":"2019-05-31T18:46:26","date_gmt":"2019-05-31T18:46:26","guid":{"rendered":"https:\/\/fivestar.cx\/?page_id=280"},"modified":"2022-08-27T17:27:00","modified_gmt":"2022-08-27T17:27:00","slug":"monitoreamos-internet-y-redes-sociales","status":"publish","type":"page","link":"https:\/\/fivestar.cx\/es\/monitoreamos-internet-y-redes-sociales\/","title":{"rendered":"Obten insights de tus usuarios actuales y potenciales"},"content":{"rendered":"\r\n<p style=\"text-align: justify;\">Investigamos por ti y te ayudamos a mejorar la jornada de tu consumidor, los avatares y a asegurar propuesta de valor.<\/p>\r\n<p><!--more--><\/p>\r\n<p style=\"text-align: center;\">\u00a0<\/p>\r\n<p><iframe loading=\"lazy\" title=\"Medici&amp;oacute;n de experiencia omnicanal\" src=\"https:\/\/player.vimeo.com\/video\/509069617?h=607f4d02a4&amp;dnt=1&amp;app_id=122963\" width=\"700\" height=\"394\" frameborder=\"0\" allow=\"autoplay; fullscreen; picture-in-picture\" allowfullscreen><\/iframe><\/p>\r\n<p style=\"text-align: center;\">\u00a0<\/p>\r\n<p style=\"text-align: justify;\">El consumidor actual est\u00e1 cada vez mas conectado e informado, el proceso de decisi\u00f3n de compra se ve fuertemente influido desde la investigaci\u00f3n previa que este realiza v\u00eda internet, ya sea mediante la p\u00e1gina web de la marca, la b\u00fasqueda de recomendaciones en mapas y redes sociales, y el contacto que haya buscado con la empresa v\u00eda chat o tel\u00e9fono.<\/p>\r\n<p style=\"text-align: justify;\">Una percepci\u00f3n negativa en este momento del proceso de compra puede causar no solo que el comprador acuda sesgado desfavorablemente al punto de venta, causando que sea m\u00e1s dif\u00edcil crear una experiencia positiva para este, sino que incluso, decida no dar la oportunidad y descarte a la marca como opci\u00f3n.<\/p>\r\n<p style=\"text-align: justify;\">Las evaluaciones de experiencia en Internet, te permiten conocer como viven tus clientes su primer contacto con tu empresa.<\/p>\r\n<ul>\r\n<li style=\"text-align: justify;\">P\u00e1ginas web<\/li>\r\n<li style=\"text-align: justify;\">Sistemas de mensajer\u00eda<\/li>\r\n<li style=\"text-align: justify;\">Mapas<\/li>\r\n<li style=\"text-align: justify;\">Redes sociales<\/li>\r\n<\/ul>\r\n<p>&nbsp;<\/p>\r\n<p style=\"text-align: center;\"><\/p>","protected":false},"excerpt":{"rendered":"<p>Investigamos por ti y te ayudamos a mejorar la jornada de tu consumidor, los avatares y a asegurar propuesta de valor.<\/p>\n","protected":false},"author":1,"featured_media":520,"parent":0,"menu_order":0,"comment_status":"closed","ping_status":"closed","template":"page-templates\/contact.php","meta":{"footnotes":""},"class_list":["post-280","page","type-page","status-publish","has-post-thumbnail","hentry"],"_links":{"self":[{"href":"https:\/\/fivestar.cx\/es\/wp-json\/wp\/v2\/pages\/280","targetHints":{"allow":["GET"]}}],"collection":[{"href":"https:\/\/fivestar.cx\/es\/wp-json\/wp\/v2\/pages"}],"about":[{"href":"https:\/\/fivestar.cx\/es\/wp-json\/wp\/v2\/types\/page"}],"author":[{"embeddable":true,"href":"https:\/\/fivestar.cx\/es\/wp-json\/wp\/v2\/users\/1"}],"replies":[{"embeddable":true,"href":"https:\/\/fivestar.cx\/es\/wp-json\/wp\/v2\/comments?post=280"}],"version-history":[{"count":36,"href":"https:\/\/fivestar.cx\/es\/wp-json\/wp\/v2\/pages\/280\/revisions"}],"predecessor-version":[{"id":959,"href":"https:\/\/fivestar.cx\/es\/wp-json\/wp\/v2\/pages\/280\/revisions\/959"}],"wp:featuredmedia":[{"embeddable":true,"href":"https:\/\/fivestar.cx\/es\/wp-json\/wp\/v2\/media\/520"}],"wp:attachment":[{"href":"https:\/\/fivestar.cx\/es\/wp-json\/wp\/v2\/media?parent=280"}],"curies":[{"name":"wp","href":"https:\/\/api.w.org\/{rel}","templated":true}]}}