{"id":423,"date":"2019-06-25T18:12:52","date_gmt":"2019-06-25T18:12:52","guid":{"rendered":"https:\/\/fivestar.cx\/?page_id=423"},"modified":"2024-10-03T22:25:45","modified_gmt":"2024-10-03T22:25:45","slug":"quienes-somos","status":"publish","type":"page","link":"https:\/\/fivestar.cx\/es\/quienes-somos\/","title":{"rendered":"Quienes Somos"},"content":{"rendered":"<p><img loading=\"lazy\" decoding=\"async\" class=\"size-full wp-image-905 aligncenter\" src=\"https:\/\/fivestar.cx\/es\/wp-content\/uploads\/2021\/02\/quienessomosv2-min.png\" alt=\"\" width=\"922\" height=\"548\" srcset=\"https:\/\/fivestar.cx\/es\/wp-content\/uploads\/2021\/02\/quienessomosv2-min.png 922w, https:\/\/fivestar.cx\/es\/wp-content\/uploads\/2021\/02\/quienessomosv2-min-300x178.png 300w, https:\/\/fivestar.cx\/es\/wp-content\/uploads\/2021\/02\/quienessomosv2-min-768x456.png 768w\" sizes=\"auto, (max-width: 922px) 100vw, 922px\" \/><\/p>\n<p style=\"text-align: justify;\">Five Star Customer Experience es una empresa con m\u00e1s de diez a\u00f1os de experiencia especializada en la gesti\u00f3n de la experiencia del consumidor.<\/p>\n<p style=\"text-align: justify;\">Gracias a nuestra red global de colaboradores, educadores, supervisores y clientes secretos, podemos ofrecer servicios llave en mano en las principales ciudades de Australia, Canad\u00e1, Chile, Colombia, Espa\u00f1a, Irlanda, M\u00e9xico, Nueva Zelanda, Pa\u00edses Bajos, Panam\u00e1, Reino Unido, y Estados Unidos de Am\u00e9rica.<\/p>\n<p style=\"text-align: justify;\">Ofrecemos ejecuci\u00f3n libre de problemas y comunicaci\u00f3n constante.<\/p>\n<p style=\"text-align: justify;\">En Five Star Customer Experience, ayudamos a ejecutivos en posiciones de recursos humanos, operaciones y marketing a mejorar sus resultados.<\/p>\n<p style=\"text-align: justify;\">Nos especializamos en empresas en las industrias de restaurantes, productos de consumo, retail y servicios.<\/p>\n<p>Atendemos a clientes a nivel global y regional, brindando soluciones espec\u00edficas a cada mercado.<\/p>\n<p>&nbsp;<\/p>\n<p style=\"text-align: justify;\"><strong>Oficina para M\u00e9xico y Am\u00e9rica Latina<\/strong>: Especializada en atender a nuestros clientes en Am\u00e9rica Latina y en idioma Espa\u00f1ol:<\/p>\n<ul style=\"text-align: left;\">\n<li>Lerdo de Tejada 27 3C<br \/>\nCuernavaca, Morelos<br \/>\nMexico<\/li>\n<\/ul>\n<p style=\"text-align: justify;\"><strong>Oficina Internacional<\/strong>: Dirigida a nuestros clientes internacionales y angloparlantes, ofreciendo soporte y atenci\u00f3n en idioma Ingl\u00e9s:<\/p>\n<ul>\n<li style=\"text-align: left;\">128 City Road<br \/>\nLondon, EC1V 2NX<br \/>\nUnited Kingdom<\/li>\n<\/ul>\n<p>&nbsp;<\/p>\n","protected":false},"excerpt":{"rendered":"<p>Five Star Customer Experience es una empresa con m\u00e1s de diez a\u00f1os de experiencia especializada en la gesti\u00f3n de la experiencia del consumidor. Gracias a nuestra red global de colaboradores, educadores, supervisores y clientes secretos, podemos ofrecer servicios llave en<\/p>\n","protected":false},"author":1,"featured_media":0,"parent":0,"menu_order":0,"comment_status":"closed","ping_status":"closed","template":"page-templates\/contact.php","meta":{"footnotes":""},"class_list":["post-423","page","type-page","status-publish","hentry"],"_links":{"self":[{"href":"https:\/\/fivestar.cx\/es\/wp-json\/wp\/v2\/pages\/423","targetHints":{"allow":["GET"]}}],"collection":[{"href":"https:\/\/fivestar.cx\/es\/wp-json\/wp\/v2\/pages"}],"about":[{"href":"https:\/\/fivestar.cx\/es\/wp-json\/wp\/v2\/types\/page"}],"author":[{"embeddable":true,"href":"https:\/\/fivestar.cx\/es\/wp-json\/wp\/v2\/users\/1"}],"replies":[{"embeddable":true,"href":"https:\/\/fivestar.cx\/es\/wp-json\/wp\/v2\/comments?post=423"}],"version-history":[{"count":45,"href":"https:\/\/fivestar.cx\/es\/wp-json\/wp\/v2\/pages\/423\/revisions"}],"predecessor-version":[{"id":978,"href":"https:\/\/fivestar.cx\/es\/wp-json\/wp\/v2\/pages\/423\/revisions\/978"}],"wp:attachment":[{"href":"https:\/\/fivestar.cx\/es\/wp-json\/wp\/v2\/media?parent=423"}],"curies":[{"name":"wp","href":"https:\/\/api.w.org\/{rel}","templated":true}]}}