{"id":694,"date":"2020-12-13T00:07:43","date_gmt":"2020-12-13T00:07:43","guid":{"rendered":"https:\/\/fivestar.cx\/es\/?page_id=694"},"modified":"2022-07-28T19:29:07","modified_gmt":"2022-07-28T19:29:07","slug":"ubicaciones-que-atendemos","status":"publish","type":"page","link":"https:\/\/fivestar.cx\/es\/ubicaciones-que-atendemos\/","title":{"rendered":"Ubicaciones que atendemos"},"content":{"rendered":"<p style=\"text-align: justify;\">Selecciona el pa\u00eds de tu inter\u00e9s para ver un detalle de los servicios disponibles en el mismo:<\/p>\n<p>&nbsp;<\/p>\n<table style=\"border: hidden;\">\n<tbody style=\"border: hidden;\">\n<tr style=\"border: hidden;\">\n<td style=\"border: hidden;\" width=\"147\">\n<p style=\"text-align: left;\"><a href=\"#Australia\"><img loading=\"lazy\" decoding=\"async\" class=\"alignnone wp-image-736\" src=\"https:\/\/fivestar.cx\/es\/wp-content\/uploads\/2020\/12\/au_32.png\" alt=\"\" width=\"20\" height=\"19\" \/><\/a> <a href=\"#Australia\">Australia<\/a><\/p>\n<\/td>\n<td style=\"border: hidden; text-align: left;\" width=\"147\"><a href=\"#Colombia\"><img loading=\"lazy\" decoding=\"async\" class=\"alignnone wp-image-739\" src=\"https:\/\/fivestar.cx\/es\/wp-content\/uploads\/2020\/12\/co_32.png\" alt=\"\" width=\"20\" height=\"21\" \/><\/a> <a href=\"#Colombia\">Colombia<\/a><\/td>\n<td style=\"border: hidden; text-align: left;\" width=\"147\"><a href=\"#Mexico\"><img loading=\"lazy\" decoding=\"async\" class=\"alignnone wp-image-749\" src=\"https:\/\/fivestar.cx\/es\/wp-content\/uploads\/2020\/12\/mx_32.png\" alt=\"\" width=\"20\" height=\"19\" \/> <\/a><a href=\"#Mexico\">M\u00e9xico<\/a><\/td>\n<td style=\"border: hidden; text-align: left;\" width=\"147\"><a href=\"#Panama\"><img loading=\"lazy\" decoding=\"async\" class=\"alignnone wp-image-751\" src=\"https:\/\/fivestar.cx\/es\/wp-content\/uploads\/2020\/12\/pa_32.png\" alt=\"\" width=\"19\" height=\"20\" \/> <\/a><a href=\"#Panama\">Panam\u00e1<\/a><\/td>\n<\/tr>\n<tr>\n<td style=\"border: hidden;\" width=\"147\">\n<p style=\"text-align: left;\"><a href=\"#Canada\"><img loading=\"lazy\" decoding=\"async\" class=\"alignnone wp-image-737\" src=\"https:\/\/fivestar.cx\/es\/wp-content\/uploads\/2020\/12\/ca_32.png\" alt=\"\" width=\"20\" height=\"19\" \/> <\/a><a href=\"#Canada\">Canad\u00e1<\/a><\/p>\n<\/td>\n<td style=\"text-align: left;\" width=\"147\"><a href=\"#Espana\"><img loading=\"lazy\" decoding=\"async\" class=\"alignnone wp-image-743\" src=\"https:\/\/fivestar.cx\/es\/wp-content\/uploads\/2020\/12\/es_32.png\" alt=\"\" width=\"20\" height=\"19\" \/> <\/a><a href=\"#Espana\">Espa\u00f1a<\/a><\/td>\n<td style=\"border: hidden;\" width=\"147\">\n<p style=\"text-align: left;\"><a href=\"#Nueva-Zelanda\"><img loading=\"lazy\" decoding=\"async\" class=\"alignnone wp-image-750\" src=\"https:\/\/fivestar.cx\/es\/wp-content\/uploads\/2020\/12\/nz_32.png\" alt=\"\" width=\"20\" height=\"19\" \/> <\/a><a href=\"#Nueva-Zelanda\">Nueva Zelanda<\/a><\/p>\n<\/td>\n<td style=\"border: hidden;\" width=\"147\">\n<p style=\"text-align: left;\"><a href=\"#Reino-Unido\"><img loading=\"lazy\" decoding=\"async\" class=\"alignnone wp-image-755\" src=\"https:\/\/fivestar.cx\/es\/wp-content\/uploads\/2020\/12\/gb_32.png\" alt=\"\" width=\"20\" height=\"20\" \/> <\/a><a href=\"#Reino-Unido\">Reino Unido<\/a><\/p>\n<\/td>\n<\/tr>\n<tr>\n<td width=\"147\">\n<p style=\"text-align: left;\"><a href=\"#Chile\"><img loading=\"lazy\" decoding=\"async\" class=\"alignnone wp-image-738\" src=\"https:\/\/fivestar.cx\/es\/wp-content\/uploads\/2020\/12\/cl_32.png\" alt=\"\" width=\"20\" height=\"19\" \/> <\/a><a href=\"#Chile\">Chile<\/a><\/p>\n<\/td>\n<td style=\"border: hidden;\" width=\"147\">\n<p style=\"text-align: left;\"><a href=\"#Irlanda\"><img loading=\"lazy\" decoding=\"async\" class=\"alignnone wp-image-748\" src=\"https:\/\/fivestar.cx\/es\/wp-content\/uploads\/2020\/12\/ie_32.png\" alt=\"\" width=\"21\" height=\"20\" \/> <\/a><a href=\"#Irlanda\">Irlanda<\/a><\/p>\n<\/td>\n<td style=\"border: hidden;\" width=\"147\">\n<p style=\"text-align: left;\"><a href=\"#Pa\u00edses Bajos\"><img loading=\"lazy\" decoding=\"async\" class=\"alignnone size-full wp-image-952\" src=\"https:\/\/fivestar.cx\/es\/wp-content\/uploads\/2022\/07\/nl_32.png\" alt=\"\" width=\"20\" height=\"19\" \/> Pa\u00edses Bajos<\/a><\/p>\n<\/td>\n<td style=\"border: hidden;\" width=\"147\">\n<p style=\"text-align: left;\"><a href=\"#USA\"><img loading=\"lazy\" decoding=\"async\" class=\"alignnone wp-image-756\" src=\"https:\/\/fivestar.cx\/es\/wp-content\/uploads\/2020\/12\/us_32.png\" alt=\"\" width=\"20\" height=\"19\" \/> <\/a><a href=\"#USA\">USA<\/a><\/p>\n<\/td>\n<\/tr>\n<tr>\n<td style=\"border: hidden;\" width=\"147\"><\/td>\n<td style=\"border: hidden;\" width=\"147\"><\/td>\n<td style=\"border: hidden;\" width=\"147\"><\/td>\n<td style=\"border: hidden;\" width=\"147\"><\/td>\n<\/tr>\n<tr>\n<td style=\"text-align: left;\" width=\"147\"><\/td>\n<td style=\"border: hidden;\" width=\"147\"><\/td>\n<td style=\"border: hidden;\" width=\"147\"><\/td>\n<td style=\"border: hidden;\" width=\"147\"><\/td>\n<\/tr>\n<\/tbody>\n<\/table>\n<p>&nbsp;<\/p>\n<p id=\"Australia\" style=\"text-align: justify;\"><img loading=\"lazy\" decoding=\"async\" class=\"alignnone wp-image-736\" src=\"https:\/\/fivestar.cx\/es\/wp-content\/uploads\/2020\/12\/au_32.png\" alt=\"\" width=\"20\" height=\"19\" \/> Australia<\/p>\n<table>\n<tbody>\n<tr>\n<td style=\"text-align: justify;\" width=\"179\"><\/td>\n<td style=\"text-align: justify;\" width=\"409\"><\/td>\n<\/tr>\n<tr style=\"text-align: justify;\">\n<td width=\"179\">Mystery Shopping presencial<\/td>\n<td width=\"409\">Disponible en las ciudades de Sydney, Melbourne, Brisbane, Perth y Adelaide.<\/td>\n<\/tr>\n<tr style=\"text-align: justify;\">\n<td width=\"179\">Mystery Calling<\/td>\n<td width=\"409\">Disponible para numeraciones locales: 61 y m\u00f3viles: 614.<br \/>\n<em>* Excepto numeraci\u00f3n de servicios especiales.<\/em><\/td>\n<\/tr>\n<tr style=\"text-align: justify;\">\n<td width=\"179\">Mystery Shopping en L\u00ednea<\/p>\n<p>Pruebas de Usuario<\/p>\n<p>Investigaci\u00f3n de Usuario<\/p>\n<p>Dise\u00f1o de Avatares<\/p>\n<p>Dise\u00f1o de Jornada del Consumidor<\/p>\n<p>Benchmarking<\/p>\n<p>Dise\u00f1o Instruccional<\/p>\n<p>LMS &#8211; Sistema de Aprendizaje en L\u00ednea<\/td>\n<td width=\"409\">&nbsp;<\/p>\n<p>Disponible en todo el pa\u00eds.<\/td>\n<\/tr>\n<tr>\n<td style=\"text-align: justify;\" width=\"179\"><\/td>\n<td style=\"text-align: justify;\" width=\"409\"><\/td>\n<\/tr>\n<\/tbody>\n<\/table>\n<p>&nbsp;<\/p>\n<p id=\"Canada\" style=\"text-align: justify;\"><img loading=\"lazy\" decoding=\"async\" class=\"alignnone wp-image-737\" src=\"https:\/\/fivestar.cx\/es\/wp-content\/uploads\/2020\/12\/ca_32.png\" alt=\"\" width=\"20\" height=\"19\" \/> Canad\u00e1<\/p>\n<table>\n<tbody>\n<tr>\n<td style=\"text-align: justify;\" width=\"179\"><\/td>\n<td style=\"text-align: justify;\" width=\"409\"><\/td>\n<\/tr>\n<tr style=\"text-align: justify;\">\n<td width=\"179\">Mystery Shopping presencial<\/td>\n<td width=\"409\">Disponible en las ciudades de Toronto, Montreal, Vancouver, Calgary, Edmonton y Ottawa.<\/td>\n<\/tr>\n<tr style=\"text-align: justify;\">\n<td width=\"179\">&nbsp;<\/p>\n<p>Mystery Calling<\/td>\n<td width=\"409\">Disponible para numeraciones locales y m\u00f3viles: 1204, 1226, 1236, 1249, 1250, 1289, 1306, 1343, 1365, 1403, 1416, 1418, 1431, 1437, 1438, 1450, 1506, 1514, 1519, 1548, 1579, 1581, 1587, 1600, 1604, 1613, 1639, 1647, 1705, 1709, 1778, 1780, 1782, 1807, 1819, 1825, 1867, 1873, 1902 y 1905 .<\/td>\n<\/tr>\n<tr style=\"text-align: justify;\">\n<td width=\"179\">Mystery Shopping en L\u00ednea<\/p>\n<p>Pruebas de Usuario<\/p>\n<p>Investigaci\u00f3n de Usuario<\/p>\n<p>Dise\u00f1o de Avatares<\/p>\n<p>Dise\u00f1o de Jornada del Consumidor<\/p>\n<p>Benchmarking<\/p>\n<p>Dise\u00f1o Instruccional<\/p>\n<p>LMS &#8211; Sistema de Aprendizaje en L\u00ednea<\/td>\n<td width=\"409\">&nbsp;<\/p>\n<p>Disponible en todo el pa\u00eds.<\/td>\n<\/tr>\n<tr>\n<td style=\"text-align: justify;\" width=\"179\"><\/td>\n<td style=\"text-align: justify;\" width=\"409\"><\/td>\n<\/tr>\n<\/tbody>\n<\/table>\n<p>&nbsp;<\/p>\n<p id=\"Chile\" style=\"text-align: justify;\"><img loading=\"lazy\" decoding=\"async\" class=\"alignnone wp-image-738\" src=\"https:\/\/fivestar.cx\/es\/wp-content\/uploads\/2020\/12\/cl_32.png\" alt=\"\" width=\"20\" height=\"19\" \/> Chile<\/p>\n<table>\n<tbody>\n<tr>\n<td style=\"text-align: justify;\" width=\"179\"><\/td>\n<td style=\"text-align: justify;\" width=\"409\"><\/td>\n<\/tr>\n<tr style=\"text-align: justify;\">\n<td width=\"179\">Mystery Shopping presencial<\/td>\n<td width=\"409\">Disponible en la ciudad de Santiago.<\/td>\n<\/tr>\n<tr style=\"text-align: justify;\">\n<td width=\"179\">Mystery Calling<\/td>\n<td width=\"409\">Disponible para numeraciones locales: 56 y m\u00f3viles: 569.<br \/>\n<em>* Excepto zonas rurales y numeraci\u00f3n de servicios especiales.<\/em><\/td>\n<\/tr>\n<tr style=\"text-align: justify;\">\n<td width=\"179\">Mystery Shopping en L\u00ednea<\/p>\n<p>Pruebas de Usuario<\/p>\n<p>Investigaci\u00f3n de Usuario<\/p>\n<p>Dise\u00f1o de Avatares<\/p>\n<p>Dise\u00f1o de Jornada del Consumidor<\/p>\n<p>Benchmarking<\/p>\n<p>Dise\u00f1o Instruccional<\/p>\n<p>LMS &#8211; Sistema de Aprendizaje en L\u00ednea<\/td>\n<td width=\"409\">&nbsp;<\/p>\n<p>Disponible en todo el pa\u00eds.<\/td>\n<\/tr>\n<tr>\n<td style=\"text-align: justify;\" width=\"179\"><\/td>\n<td style=\"text-align: justify;\" width=\"409\"><\/td>\n<\/tr>\n<\/tbody>\n<\/table>\n<p>&nbsp;<\/p>\n<p id=\"Colombia\" style=\"text-align: justify;\"><img loading=\"lazy\" decoding=\"async\" class=\"alignnone wp-image-739\" src=\"https:\/\/fivestar.cx\/es\/wp-content\/uploads\/2020\/12\/co_32.png\" alt=\"\" width=\"20\" height=\"21\" \/> Colombia<\/p>\n<table>\n<tbody>\n<tr>\n<td style=\"text-align: justify;\" width=\"179\"><\/td>\n<td style=\"text-align: justify;\" width=\"409\"><\/td>\n<\/tr>\n<tr style=\"text-align: justify;\">\n<td width=\"179\">Mystery Shopping presencial<\/td>\n<td width=\"409\">Disponible en las ciudades de Bogot\u00e1, Medell\u00edn, Cali, Barranquilla y Cartagena.<\/td>\n<\/tr>\n<tr style=\"text-align: justify;\">\n<td width=\"179\">Mystery Calling<\/td>\n<td width=\"409\">Disponible para numeraciones locales: 57 y m\u00f3viles: 573.<\/td>\n<\/tr>\n<tr style=\"text-align: justify;\">\n<td width=\"179\">Mystery Shopping en L\u00ednea<\/p>\n<p>Pruebas de Usuario<\/p>\n<p>Investigaci\u00f3n de Usuario<\/p>\n<p>Dise\u00f1o de Avatares<\/p>\n<p>Dise\u00f1o de Jornada del Consumidor<\/p>\n<p>Benchmarking<\/p>\n<p>Dise\u00f1o Instruccional<\/p>\n<p>LMS &#8211; Sistema de Aprendizaje en L\u00ednea<\/td>\n<td width=\"409\">&nbsp;<\/p>\n<p>Disponible en todo el pa\u00eds.<\/td>\n<\/tr>\n<tr>\n<td style=\"text-align: justify;\" width=\"179\"><\/td>\n<td style=\"text-align: justify;\" width=\"409\"><\/td>\n<\/tr>\n<\/tbody>\n<\/table>\n<p>&nbsp;<\/p>\n<p id=\"Espana\" style=\"text-align: justify;\"><img loading=\"lazy\" decoding=\"async\" class=\"alignnone wp-image-743\" src=\"https:\/\/fivestar.cx\/es\/wp-content\/uploads\/2020\/12\/es_32.png\" alt=\"\" width=\"20\" height=\"19\" \/> Espa\u00f1a<\/p>\n<table>\n<tbody>\n<tr>\n<td style=\"text-align: justify;\" width=\"179\"><\/td>\n<td style=\"text-align: justify;\" width=\"409\"><\/td>\n<\/tr>\n<tr style=\"text-align: justify;\">\n<td width=\"179\">Mystery Shopping presencial<\/td>\n<td width=\"409\">Disponible en las ciudades de Madrid, Barcelona, Valencia, Sevilla, Bilbao y M\u00e1laga.<\/td>\n<\/tr>\n<tr style=\"text-align: justify;\">\n<td width=\"179\">Mystery Calling<\/td>\n<td width=\"409\">Disponible para numeraciones locales y m\u00f3viles: 506.<br \/>\n<em>* Excepto numeraci\u00f3n de servicios especiales. * Sin soporte de grabaci\u00f3n en audio.<\/em><\/td>\n<\/tr>\n<tr style=\"text-align: justify;\">\n<td width=\"179\">Mystery Shopping en L\u00ednea<\/p>\n<p>Pruebas de Usuario<\/p>\n<p>Investigaci\u00f3n de Usuario<\/p>\n<p>Dise\u00f1o de Avatares<\/p>\n<p>Dise\u00f1o de Jornada del Consumidor<\/p>\n<p>Benchmarking<\/p>\n<p>Dise\u00f1o Instruccional<\/p>\n<p>LMS &#8211; Sistema de Aprendizaje en L\u00ednea<\/td>\n<td width=\"409\">&nbsp;<\/p>\n<p>Disponible en todo el pa\u00eds.<\/td>\n<\/tr>\n<tr>\n<td style=\"text-align: justify;\" width=\"179\"><\/td>\n<td style=\"text-align: justify;\" width=\"409\"><\/td>\n<\/tr>\n<\/tbody>\n<\/table>\n<p>&nbsp;<\/p>\n<p id=\"Irlanda\" style=\"text-align: justify;\"><img loading=\"lazy\" decoding=\"async\" class=\"alignnone wp-image-748\" src=\"https:\/\/fivestar.cx\/es\/wp-content\/uploads\/2020\/12\/ie_32.png\" alt=\"\" width=\"21\" height=\"20\" \/> Irlanda<\/p>\n<table>\n<tbody>\n<tr>\n<td style=\"text-align: justify;\" width=\"179\"><\/td>\n<td style=\"text-align: justify;\" width=\"409\"><\/td>\n<\/tr>\n<tr style=\"text-align: justify;\">\n<td width=\"179\">Mystery Shopping presencial<\/td>\n<td width=\"409\">Disponible en la ciudad de Dubl\u00edn.<\/td>\n<\/tr>\n<tr style=\"text-align: justify;\">\n<td width=\"179\">Mystery Calling<\/td>\n<td width=\"409\">Disponible para numeraciones locales y m\u00f3viles: 353.<br \/>\n<em>* Excepto numeraci\u00f3n de servicios especiales y VOIP. * Sin soporte de grabaci\u00f3n en audio.<\/em><\/td>\n<\/tr>\n<tr style=\"text-align: justify;\">\n<td width=\"179\">Mystery Shopping en L\u00ednea<\/p>\n<p>Pruebas de Usuario<\/p>\n<p>Investigaci\u00f3n de Usuario<\/p>\n<p>Dise\u00f1o de Avatares<\/p>\n<p>Dise\u00f1o de Jornada del Consumidor<\/p>\n<p>Benchmarking<\/p>\n<p>Dise\u00f1o Instruccional<\/p>\n<p>LMS &#8211; Sistema de Aprendizaje en L\u00ednea<\/td>\n<td width=\"409\">&nbsp;<\/p>\n<p>Disponible en todo el pa\u00eds.<\/td>\n<\/tr>\n<tr>\n<td style=\"text-align: justify;\" width=\"179\"><\/td>\n<td style=\"text-align: justify;\" width=\"409\"><\/td>\n<\/tr>\n<\/tbody>\n<\/table>\n<p>&nbsp;<\/p>\n<p id=\"Mexico\" style=\"text-align: justify;\"><img loading=\"lazy\" decoding=\"async\" class=\"alignnone wp-image-749\" src=\"https:\/\/fivestar.cx\/es\/wp-content\/uploads\/2020\/12\/mx_32.png\" alt=\"\" width=\"20\" height=\"19\" \/> M\u00e9xico<\/p>\n<table>\n<tbody>\n<tr>\n<td style=\"text-align: justify;\" width=\"179\"><\/td>\n<td style=\"text-align: justify;\" width=\"409\"><\/td>\n<\/tr>\n<tr style=\"text-align: justify;\">\n<td width=\"179\">Mystery Shopping presencial<\/td>\n<td width=\"409\">Disponible en las ciudades de Ciudad de Mexico, Ecatepec, Naucalpan, Guadalajara, Zapopan, Puebla, Ciudad Juarez, Tijuana, Leon, Monterrey, Chihuahua, Merida y Cancun.<\/td>\n<\/tr>\n<tr style=\"text-align: justify;\">\n<td width=\"179\">Mystery Calling<\/td>\n<td width=\"409\">Disponible para numeraciones locales y m\u00f3viles: 52.<\/td>\n<\/tr>\n<tr style=\"text-align: justify;\">\n<td width=\"179\">Mystery Shopping en L\u00ednea<\/p>\n<p>Pruebas de Usuario<\/p>\n<p>Investigaci\u00f3n de Usuario<\/p>\n<p>Dise\u00f1o de Avatares<\/p>\n<p>Dise\u00f1o de Jornada del Consumidor<\/p>\n<p>Benchmarking<\/p>\n<p>Dise\u00f1o Instruccional<\/p>\n<p>LMS &#8211; Sistema de Aprendizaje en L\u00ednea<\/td>\n<td width=\"409\">&nbsp;<\/p>\n<p>Disponible en todo el pa\u00eds.<\/td>\n<\/tr>\n<tr>\n<td style=\"text-align: justify;\" width=\"179\"><\/td>\n<td style=\"text-align: justify;\" width=\"409\"><\/td>\n<\/tr>\n<\/tbody>\n<\/table>\n<p>&nbsp;<\/p>\n<p id=\"Nueva-Zelanda\" style=\"text-align: justify;\"><img loading=\"lazy\" decoding=\"async\" class=\"alignnone wp-image-750\" src=\"https:\/\/fivestar.cx\/es\/wp-content\/uploads\/2020\/12\/nz_32.png\" alt=\"\" width=\"20\" height=\"19\" \/> Nueva Zelanda<\/p>\n<table>\n<tbody>\n<tr>\n<td style=\"text-align: justify;\" width=\"179\"><\/td>\n<td style=\"text-align: justify;\" width=\"409\"><\/td>\n<\/tr>\n<tr style=\"text-align: justify;\">\n<td width=\"179\">Mystery Shopping presencial<\/td>\n<td width=\"409\">Disponible en la ciudad de Auckland.<\/td>\n<\/tr>\n<tr style=\"text-align: justify;\">\n<td width=\"179\">Mystery Calling<\/td>\n<td width=\"409\">Disponible para numeraciones locales y m\u00f3viles: 64.<\/td>\n<\/tr>\n<tr style=\"text-align: justify;\">\n<td width=\"179\">Mystery Shopping en L\u00ednea<\/p>\n<p>Pruebas de Usuario<\/p>\n<p>Investigaci\u00f3n de Usuario<\/p>\n<p>Dise\u00f1o de Avatares<\/p>\n<p>Dise\u00f1o de Jornada del Consumidor<\/p>\n<p>Benchmarking<\/p>\n<p>Dise\u00f1o Instruccional<\/p>\n<p>LMS &#8211; Sistema de Aprendizaje en L\u00edneaLearning Management System<\/td>\n<td width=\"409\">&nbsp;<\/p>\n<p>Disponible en todo el pa\u00eds.<\/td>\n<\/tr>\n<tr>\n<td style=\"text-align: justify;\" width=\"179\"><\/td>\n<td style=\"text-align: justify;\" width=\"409\"><\/td>\n<\/tr>\n<\/tbody>\n<\/table>\n<p>&nbsp;<\/p>\n<p id=\"Pa\u00edses Bajos\"><a href=\"https:\/\/fivestar.cx\/es\/wp-content\/uploads\/2022\/07\/nl_32.png\"><img loading=\"lazy\" decoding=\"async\" class=\"alignnone size-full wp-image-952\" src=\"https:\/\/fivestar.cx\/es\/wp-content\/uploads\/2022\/07\/nl_32.png\" alt=\"\" width=\"20\" height=\"19\" \/><\/a> Pa\u00edses Bajos<\/p>\n<table>\n<tbody>\n<tr>\n<td width=\"179\"><\/td>\n<td width=\"409\"><\/td>\n<\/tr>\n<tr>\n<td width=\"179\">Mystery Shopping presencial<\/td>\n<td width=\"409\">Disponible en la ciudad de Amsterdam.<\/td>\n<\/tr>\n<tr>\n<td width=\"179\">Mystery Calling<\/td>\n<td width=\"409\">Disponible para numeraciones locales y m\u00f3viles: 31.<br \/>\n<em>* Sin soporte de grabaci\u00f3n en audio.<\/em><\/td>\n<\/tr>\n<tr>\n<td width=\"179\">Mystery Shopping en L\u00ednea<\/p>\n<p>Pruebas de Usuario<\/p>\n<p>Investigaci\u00f3n de Usuario<\/p>\n<p>Dise\u00f1o de Avatares<\/p>\n<p>Dise\u00f1o de Jornada del Consumidor<\/p>\n<p>Benchmarking<\/p>\n<p>Dise\u00f1o Instruccional<\/p>\n<p>LMS &#8211; Sistema de Aprendizaje en L\u00edneaLearning Management System<\/td>\n<td width=\"409\">&nbsp;<\/p>\n<p>Disponible en todo el pa\u00eds.<\/td>\n<\/tr>\n<tr>\n<td width=\"179\"><\/td>\n<td width=\"409\"><\/td>\n<\/tr>\n<\/tbody>\n<\/table>\n<p>&nbsp;<\/p>\n<p id=\"Panama\" style=\"text-align: justify;\"><img loading=\"lazy\" decoding=\"async\" class=\"alignnone wp-image-751\" src=\"https:\/\/fivestar.cx\/es\/wp-content\/uploads\/2020\/12\/pa_32.png\" alt=\"\" width=\"19\" height=\"20\" \/> Panam\u00e1<\/p>\n<table>\n<tbody>\n<tr>\n<td style=\"text-align: justify;\" width=\"179\"><\/td>\n<td style=\"text-align: justify;\" width=\"409\"><\/td>\n<\/tr>\n<tr style=\"text-align: justify;\">\n<td width=\"179\">Mystery Shopping presencial<\/td>\n<td width=\"409\">Disponible en la ciudad de Panam\u00e1.<\/td>\n<\/tr>\n<tr style=\"text-align: justify;\">\n<td width=\"179\">Mystery Calling<\/td>\n<td width=\"409\">Disponible para numeraciones locales 507.<br \/>\n<em>* Excluye n\u00fameros m\u00f3viles.<\/em><\/td>\n<\/tr>\n<tr style=\"text-align: justify;\">\n<td width=\"179\">Mystery Shopping en L\u00ednea<\/p>\n<p>Pruebas de Usuario<\/p>\n<p>Investigaci\u00f3n de Usuario<\/p>\n<p>Dise\u00f1o de Avatares<\/p>\n<p>Dise\u00f1o de Jornada del Consumidor<\/p>\n<p>Benchmarking<\/p>\n<p>Dise\u00f1o Instruccional<\/p>\n<p>LMS &#8211; Sistema de Aprendizaje en L\u00edneaLearning Management System<\/td>\n<td width=\"409\">&nbsp;<\/p>\n<p>Disponible en todo el pa\u00eds.<\/td>\n<\/tr>\n<tr>\n<td style=\"text-align: justify;\" width=\"179\"><\/td>\n<td style=\"text-align: justify;\" width=\"409\"><\/td>\n<\/tr>\n<\/tbody>\n<\/table>\n<p>&nbsp;<\/p>\n<p id=\"Reino-Unido\" style=\"text-align: justify;\"><img loading=\"lazy\" decoding=\"async\" class=\"alignnone wp-image-755\" src=\"https:\/\/fivestar.cx\/es\/wp-content\/uploads\/2020\/12\/gb_32.png\" alt=\"\" width=\"20\" height=\"20\" \/> Reino Unido<\/p>\n<table>\n<tbody>\n<tr style=\"text-align: justify;\">\n<td style=\"text-align: justify;\" width=\"179\"><\/td>\n<td style=\"text-align: justify;\" width=\"409\"><\/td>\n<\/tr>\n<tr style=\"text-align: justify;\">\n<td width=\"179\">Mystery Shopping presencial<\/td>\n<td width=\"409\">Disponible en las ciudades de Londres y Birmingham.<\/td>\n<\/tr>\n<tr style=\"text-align: justify;\">\n<td width=\"179\">Mystery Calling<\/td>\n<td width=\"409\">Disponible para numeraciones locales y m\u00f3viles: 44.<br \/>\n<em>*\u00a0 Sin soporte de grabaci\u00f3n en audio.<\/em><\/td>\n<\/tr>\n<tr style=\"text-align: justify;\">\n<td width=\"179\">Mystery Shopping en L\u00ednea<\/p>\n<p>Pruebas de Usuario<\/p>\n<p>Investigaci\u00f3n de Usuario<\/p>\n<p>Dise\u00f1o de Avatares<\/p>\n<p>Dise\u00f1o de Jornada del Consumidor<\/p>\n<p>Benchmarking<\/p>\n<p>Dise\u00f1o Instruccional<\/p>\n<p>LMS &#8211; Sistema de Aprendizaje en L\u00edneaLearning Management System<\/td>\n<td width=\"409\">&nbsp;<\/p>\n<p>Disponible en todo el pa\u00eds.<\/td>\n<\/tr>\n<tr>\n<td style=\"text-align: justify;\" width=\"179\"><\/td>\n<td width=\"409\"><\/td>\n<\/tr>\n<\/tbody>\n<\/table>\n<p>&nbsp;<\/p>\n<p id=\"USA\" style=\"text-align: justify;\"><img loading=\"lazy\" decoding=\"async\" class=\"alignnone wp-image-756\" src=\"https:\/\/fivestar.cx\/es\/wp-content\/uploads\/2020\/12\/us_32.png\" alt=\"\" width=\"20\" height=\"19\" \/> USA<\/p>\n<table>\n<tbody>\n<tr>\n<td style=\"text-align: justify;\" width=\"179\"><\/td>\n<td style=\"text-align: justify;\" width=\"409\"><\/td>\n<\/tr>\n<tr style=\"text-align: justify;\">\n<td width=\"179\">Mystery Shopping presencial<\/td>\n<td width=\"409\">Disponible en las ciudades de New York City, Los Angeles, Chicago, Houston, Phoenix, Philadelphia, San Antonio, San Diego y Dallas.<\/td>\n<\/tr>\n<tr style=\"text-align: justify;\">\n<td width=\"179\">Mystery Calling<\/td>\n<td width=\"409\">Disponible para numeraciones locales y m\u00f3viles: 1.<\/td>\n<\/tr>\n<tr style=\"text-align: justify;\">\n<td width=\"179\">Mystery Shopping en L\u00ednea<\/p>\n<p>Pruebas de Usuario<\/p>\n<p>Investigaci\u00f3n de Usuario<\/p>\n<p>Dise\u00f1o de Avatares<\/p>\n<p>Dise\u00f1o de Jornada del Consumidor<\/p>\n<p>Benchmarking<\/p>\n<p>Dise\u00f1o Instruccional<\/p>\n<p>LMS &#8211; Sistema de Aprendizaje en L\u00edneaLearning Management System<\/td>\n<td width=\"409\">&nbsp;<\/p>\n<p>Disponible en todo el pa\u00eds.<\/td>\n<\/tr>\n<tr>\n<td style=\"text-align: justify;\" width=\"179\"><\/td>\n<td style=\"text-align: justify;\" width=\"409\"><\/td>\n<\/tr>\n<\/tbody>\n<\/table>\n<p>&nbsp;<\/p>\n<p>&nbsp;<\/p>\n","protected":false},"excerpt":{"rendered":"<p>Selecciona el pa\u00eds de tu inter\u00e9s para ver un detalle de los servicios disponibles en el mismo: &nbsp; Australia Colombia M\u00e9xico Panam\u00e1 Canad\u00e1 Espa\u00f1a Nueva Zelanda Reino Unido Chile Irlanda Pa\u00edses Bajos USA &nbsp; Australia Mystery Shopping presencial Disponible en<\/p>\n","protected":false},"author":1,"featured_media":0,"parent":0,"menu_order":0,"comment_status":"closed","ping_status":"closed","template":"","meta":{"footnotes":""},"class_list":["post-694","page","type-page","status-publish","hentry"],"_links":{"self":[{"href":"https:\/\/fivestar.cx\/es\/wp-json\/wp\/v2\/pages\/694","targetHints":{"allow":["GET"]}}],"collection":[{"href":"https:\/\/fivestar.cx\/es\/wp-json\/wp\/v2\/pages"}],"about":[{"href":"https:\/\/fivestar.cx\/es\/wp-json\/wp\/v2\/types\/page"}],"author":[{"embeddable":true,"href":"https:\/\/fivestar.cx\/es\/wp-json\/wp\/v2\/users\/1"}],"replies":[{"embeddable":true,"href":"https:\/\/fivestar.cx\/es\/wp-json\/wp\/v2\/comments?post=694"}],"version-history":[{"count":90,"href":"https:\/\/fivestar.cx\/es\/wp-json\/wp\/v2\/pages\/694\/revisions"}],"predecessor-version":[{"id":956,"href":"https:\/\/fivestar.cx\/es\/wp-json\/wp\/v2\/pages\/694\/revisions\/956"}],"wp:attachment":[{"href":"https:\/\/fivestar.cx\/es\/wp-json\/wp\/v2\/media?parent=694"}],"curies":[{"name":"wp","href":"https:\/\/api.w.org\/{rel}","templated":true}]}}