{"id":804,"date":"2021-02-03T00:41:37","date_gmt":"2021-02-03T00:41:37","guid":{"rendered":"https:\/\/fivestar.cx\/es\/?page_id=804"},"modified":"2022-07-28T17:27:16","modified_gmt":"2022-07-28T17:27:16","slug":"lms-diseno-instruccional","status":"publish","type":"page","link":"https:\/\/fivestar.cx\/es\/lms-diseno-instruccional\/","title":{"rendered":"Da retroalimentaci\u00f3n y capacita a tu equipo f\u00e1cilmente"},"content":{"rendered":"\r\n<p style=\"text-align: justify;\">A trav\u00e9s de nuestra plataforma LMS lista para su uso, comparte reportes, evaluaciones, contenido educativo y m\u00e1s.<\/p>\r\n<p style=\"text-align: center;\"><!--more--><\/p>\r\n<h2>\u00a0<\/h2>\r\n<h2 style=\"text-align: left;\">LMS &#8211; Plataforma de Aprendizaje en L\u00ednea<\/h2>\r\n<p><iframe loading=\"lazy\" title=\"LMS - Herramienta de aprendizaje en l&amp;iacute;nea\" src=\"https:\/\/player.vimeo.com\/video\/509072208?h=1af90e59e9&amp;dnt=1&amp;app_id=122963\" width=\"700\" height=\"394\" frameborder=\"0\" allow=\"autoplay; fullscreen; picture-in-picture\" allowfullscreen><\/iframe><\/p>\r\n<p style=\"text-align: center;\">\u00a0<\/p>\r\n<p style=\"text-align: justify;\">Proveemos a tu empresa con una herramienta que facilita los procesos de inducci\u00f3n y entrenamiento. Gracias a esta es posible transmitir contenidos educativos de manera sencilla, y con disponibilidad permanente para tus colaboradores, sin importar su ubicaci\u00f3n.<\/p>\r\n<p style=\"text-align: justify;\">El aprendizaje en l\u00ednea permite trabajar con especial dedicaci\u00f3n sobre las partes dif\u00edciles de los contenidos educativos, estos se pueden reforzar cuantas veces sea necesario, facultando a los instructores a aprovechar mejor el tiempo en los aspectos m\u00e1s valiosos del proceso.<\/p>\r\n<p style=\"text-align: justify;\">El no contar con una herramienta de capacitaci\u00f3n en l\u00ednea genera procesos de aprendizaje m\u00e1s lentos y costosos; m\u00e1s a\u00fan en la actualidad, en la que la tendencia es trasladar a lo digital actividades presenciales.<\/p>\r\n<p style=\"text-align: justify;\">Con la herramienta de aprendizaje en l\u00ednea que facilitamos, puedes incluir:<\/p>\r\n<ul style=\"text-align: justify;\">\r\n<li>Ejercicios interactivos con preguntas y respuestas, saltos de tiempo y retroalimentaci\u00f3n.<\/li>\r\n<li>Im\u00e1genes.<\/li>\r\n<li>Documentos de lectura.<\/li>\r\n<\/ul>\r\n<p style=\"text-align: justify;\">No es necesario que cuentes con departamento de sistemas, ni que el personal responsable de capacitaci\u00f3n tenga que invertir tiempo en la curva de aprendizaje de una nueva herramienta. Ofrecemos la soluci\u00f3n completamente administrada y nos encargamos de todo; \u00fanicamente ind\u00edcanos los contenidos a compartir, los colaboradores que tendr\u00e1n acceso, y nosotros lo arreglamos.<\/p>\r\n<p style=\"text-align: justify;\">Si a\u00fan no cuentas con contenidos educativos tampoco es problema, te apoyamos con el desarrollo de videos y ejercicios interactivos para incluirlos en el programa.<\/p>\r\n<p style=\"text-align: center;\">\u00a0<\/p>","protected":false},"excerpt":{"rendered":"<p>A trav\u00e9s de nuestra plataforma LMS lista para su uso, comparte reportes, evaluaciones, contenido educativo y m\u00e1s.<\/p>\n","protected":false},"author":1,"featured_media":541,"parent":0,"menu_order":0,"comment_status":"closed","ping_status":"closed","template":"","meta":{"footnotes":""},"class_list":["post-804","page","type-page","status-publish","has-post-thumbnail","hentry"],"_links":{"self":[{"href":"https:\/\/fivestar.cx\/es\/wp-json\/wp\/v2\/pages\/804","targetHints":{"allow":["GET"]}}],"collection":[{"href":"https:\/\/fivestar.cx\/es\/wp-json\/wp\/v2\/pages"}],"about":[{"href":"https:\/\/fivestar.cx\/es\/wp-json\/wp\/v2\/types\/page"}],"author":[{"embeddable":true,"href":"https:\/\/fivestar.cx\/es\/wp-json\/wp\/v2\/users\/1"}],"replies":[{"embeddable":true,"href":"https:\/\/fivestar.cx\/es\/wp-json\/wp\/v2\/comments?post=804"}],"version-history":[{"count":16,"href":"https:\/\/fivestar.cx\/es\/wp-json\/wp\/v2\/pages\/804\/revisions"}],"predecessor-version":[{"id":950,"href":"https:\/\/fivestar.cx\/es\/wp-json\/wp\/v2\/pages\/804\/revisions\/950"}],"wp:featuredmedia":[{"embeddable":true,"href":"https:\/\/fivestar.cx\/es\/wp-json\/wp\/v2\/media\/541"}],"wp:attachment":[{"href":"https:\/\/fivestar.cx\/es\/wp-json\/wp\/v2\/media?parent=804"}],"curies":[{"name":"wp","href":"https:\/\/api.w.org\/{rel}","templated":true}]}}